{"id":686,"date":"2025-07-01T14:09:20","date_gmt":"2025-07-01T13:09:20","guid":{"rendered":"https:\/\/careers.secretescapes.group\/skontaktuj-sie-z-nami\/"},"modified":"2025-10-30T12:55:19","modified_gmt":"2025-10-30T12:55:19","slug":"skontaktuj-sie-z-nami","status":"publish","type":"page","link":"https:\/\/careers.secretescapes.group\/pl\/skontaktuj-sie-z-nami\/","title":{"rendered":"Kontakt"},"content":{"rendered":"<div class=\"wpb-content-wrapper\"><p>[vc_row css=&#8221;.vc_custom_1752497502070{background-image: url(https:\/\/careers.secretescapes.group\/wp-content\/uploads\/2025\/07\/contact-us-banner-1.webp?id=481) !important;}&#8221; el_id=&#8221;banner&#8221; el_class=&#8221;banner short-banner&#8221;][vc_column el_class=&#8221;banner-col&#8221;][vc_column_text css=&#8221;&#8221; el_class=&#8221;text-center banner-content&#8221;]<\/p>\n<h1>Kontakt<\/h1>\n<p><a href=\"#page-top\"><img decoding=\"async\" class=\"banner-scroll\" src=\"\/wp-content\/themes\/careers-secretescapes-com\/images\/svg\/scroll.gif\" alt=\"\" \/><\/a>[\/vc_column_text][\/vc_column][\/vc_row][vc_row el_class=&#8221;dark-bg what-we-do flex-row&#8221; el_id=&#8221;page-top&#8221;][vc_column width=&#8221;1\/2&#8243; css=&#8221;.vc_custom_1752483534314{background-image: url(https:\/\/careers.secretescapes.group\/wp-content\/uploads\/2025\/07\/office.webp?id=436) !important;}&#8221; el_class=&#8221;img-div&#8221;][\/vc_column][vc_column width=&#8221;1\/2&#8243;][vc_column_text css=&#8221;&#8221;]<\/p>\n<h2>Nasze <span class=\"span\">biuro<\/span><\/h2>\n<p>Nasze biuro jest dynamicznym centrum innowacji i wsp\u00f3\u0142pracy, zaprojektowanym tak, aby zjednoczy\u0107 nasz zesp\u00f3\u0142 i odzwierciedli\u0107 nasz\u0105 otwart\u0105, elastyczn\u0105 kultur\u0119.<\/p>\n<h3><span class=\"span\">Focus Building, Aleja Armii Ludowej 26, 00-609 Warszawa, Polska<\/span><\/h3>\n<p>Mie\u015bci si\u0119 w samym sercu Warszawy i jest miejscem, w kt\u00f3rym wymieniamy my\u015bli oraz tworzymy i urzeczywistniamy nasz\u0105 wizj\u0119. To przestrze\u0144, w kt\u00f3rej nasz zesp\u00f3\u0142 nawi\u0105zuje kontakty, wsp\u00f3\u0142pracuje i \u015bwi\u0119tuje wsp\u00f3lne sukcesy.[\/vc_column_text][\/vc_column][\/vc_row][vc_row el_class=&#8221;what-we-do flex-row&#8221;][vc_column width=&#8221;1\/2&#8243;][vc_column_text css=&#8221;&#8221;]<\/p>\n<h3>Rekrutacja i kariera \u2013 zacznij swoj\u0105 podr\u00f3\u017c z nami!<\/h3>\n<p dir=\"ltr\">Je\u015bli jeste\u015b ambitny i chcesz rozwija\u0107 si\u0119 w dynamicznym \u015brodowisku, Travelist to miejsce dla Ciebie! Nawet je\u015bli nie widzisz teraz odpowiedniej oferty, do\u0142\u0105cz do naszej bazy talent\u00f3w, a poinformujemy Ci\u0119 o nowych mo\u017cliwo\u015bciach.<\/p>\n<p dir=\"ltr\">Doceniamy ka\u017cd\u0105 aplikacj\u0119, zar\u00f3wno na konkretne stanowiska, jak i te spontaniczne, i staramy si\u0119 odpowiada\u0107 na ka\u017cd\u0105 z nich. Je\u015bli nie otrzymasz odpowiedzi, oznacza to, \u017ce Twoje zg\u0142oszenie trafi\u0142o do odpowiedniego dzia\u0142u i zosta\u0142o zachowane na przysz\u0142o\u015b\u0107.<\/p>\n<p dir=\"ltr\">Chcesz wiedzie\u0107, jak dbamy o Twoje dane? Kliknij tutaj.<\/p>\n<p>[\/vc_column_text][\/vc_column][vc_column width=&#8221;1\/2&#8243; el_class=&#8221;img-div&#8221; css=&#8221;.vc_custom_1752497877223{background-image: url(https:\/\/careers.secretescapes.group\/wp-content\/uploads\/2025\/07\/dynamic-env.webp?id=485) !important;}&#8221;][\/vc_column][\/vc_row][vc_row el_class=&#8221;what-we-do flex-row&#8221;][vc_column width=&#8221;1\/2&#8243; css=&#8221;.vc_custom_1753965390003{background-image: url(https:\/\/careers.secretescapes.group\/wp-content\/uploads\/2025\/07\/contact-img.webp?id=750) !important;}&#8221; el_class=&#8221;img-div&#8221;][\/vc_column][vc_column width=&#8221;1\/2&#8243;][vc_column_text css=&#8221;&#8221;]<\/p>\n<h3>Prywatno\u015b\u0107 i ochrona danych<\/h3>\n<p>Twoje dane s\u0105 w bezpiecznych r\u0119kach. Przeczytaj, jak chronimy Twoje dane osobowe, zapewniaj\u0105c jednocze\u015bnie najlepsze do\u015bwiadczenia &#8211; <a href=\"https:\/\/www.dropbox.com\/scl\/fi\/oudebokw3s4cy9xwq4y76\/20180713-Travelist-spzoo-Plik-na-portal-kariera.travelist-final.pdf?rlkey=rn1buhk1tsdz51t6wy8ys8dxx&amp;e=1&amp;dl=0\">Polityka prywatno\u015bci Travelist<\/a><\/p>\n<p>Travelist to firma zarejestrowana w Polsce pod numerem KRS: 0000440014<br \/>\nNasz numer NIP to 7010359657.[\/vc_column_text][\/vc_column][\/vc_row][vc_row el_class=&#8221;what-we-do flex-row&#8221;][vc_column width=&#8221;1\/2&#8243;][vc_column_text css=&#8221;&#8221;]<\/p>\n<h3>Wsp\u00f3\u0142praca z nami \u2013 zapytania dotycz\u0105ce agencji i partnerstwa<\/h3>\n<p>Rekruterzy, wiemy, \u017ce macie prac\u0119 do wykonania \u2013 i w ramach rekrutacji dla Travelist.pl z pewno\u015bci\u0105 jest miejsce na wsparcie ze strony zewn\u0119trznych dostawc\u00f3w. Jeste\u015bmy otwarci na rozmowy, jednak mamy wdro\u017cony Program Preferowanych Partner\u00f3w.<\/p>\n<p>Prosimy nie przesy\u0142a\u0107 nam profili potencjalnych kandydat\u00f3w. Travelist.pl nie ponosi odpowiedzialno\u015bci za jakiekolwiek op\u0142aty zwi\u0105zane z niezam\u00f3wionymi profilami.[\/vc_column_text][\/vc_column][vc_column width=&#8221;1\/2&#8243;][\/vc_column][\/vc_row]<\/p>\n<\/div>","protected":false},"excerpt":{"rendered":"<p>[vc_row css=&#8221;.vc_custom_1752497502070{background-image: url(https:\/\/careers.secretescapes.group\/wp-content\/uploads\/2025\/07\/contact-us-banner-1.webp?id=481) !important;}&#8221; el_id=&#8221;banner&#8221; el_class=&#8221;banner short-banner&#8221;][vc_column el_class=&#8221;banner-col&#8221;][vc_column_text css=&#8221;&#8221; el_class=&#8221;text-center banner-content&#8221;] Kontakt [\/vc_column_text][\/vc_column][\/vc_row][vc_row el_class=&#8221;dark-bg what-we-do flex-row&#8221; el_id=&#8221;page-top&#8221;][vc_column width=&#8221;1\/2&#8243; css=&#8221;.vc_custom_1752483534314{background-image: url(https:\/\/careers.secretescapes.group\/wp-content\/uploads\/2025\/07\/office.webp?id=436) !important;}&#8221; el_class=&#8221;img-div&#8221;][\/vc_column][vc_column width=&#8221;1\/2&#8243;][vc_column_text css=&#8221;&#8221;] Nasze biuro Nasze biuro jest dynamicznym centrum innowacji i wsp\u00f3\u0142pracy, zaprojektowanym tak, aby zjednoczy\u0107 nasz zesp\u00f3\u0142 i odzwierciedli\u0107 nasz\u0105 otwart\u0105, elastyczn\u0105 kultur\u0119. Focus Building, Aleja Armii Ludowej 26, 00-609 Warszawa, Polska [&hellip;]<\/p>\n","protected":false},"author":4,"featured_media":0,"parent":0,"menu_order":0,"comment_status":"closed","ping_status":"closed","template":"","meta":{"_acf_changed":false,"footnotes":""},"class_list":["post-686","page","type-page","status-publish","hentry"],"acf":[],"yoast_head":"<!-- This site is optimized with the Yoast SEO Premium plugin v26.4 (Yoast SEO v26.7) - https:\/\/yoast.com\/wordpress\/plugins\/seo\/ -->\n<title>Kontakt - Secret Escapes Careers<\/title>\n<meta name=\"robots\" content=\"index, follow, max-snippet:-1, max-image-preview:large, max-video-preview:-1\" \/>\n<link rel=\"canonical\" href=\"https:\/\/careers.secretescapes.group\/pl\/skontaktuj-sie-z-nami\/\" \/>\n<meta property=\"og:locale\" content=\"pl_PL\" \/>\n<meta property=\"og:type\" content=\"article\" \/>\n<meta property=\"og:title\" content=\"Kontakt\" \/>\n<meta property=\"og:description\" content=\"[vc_row css=&#8221;.vc_custom_1752497502070{background-image: url(https:\/\/careers.secretescapes.group\/wp-content\/uploads\/2025\/07\/contact-us-banner-1.webp?id=481) !important;}&#8221; el_id=&#8221;banner&#8221; el_class=&#8221;banner short-banner&#8221;][vc_column el_class=&#8221;banner-col&#8221;][vc_column_text css=&#8221;&#8221; el_class=&#8221;text-center banner-content&#8221;] Kontakt [\/vc_column_text][\/vc_column][\/vc_row][vc_row el_class=&#8221;dark-bg what-we-do flex-row&#8221; el_id=&#8221;page-top&#8221;][vc_column width=&#8221;1\/2&#8243; css=&#8221;.vc_custom_1752483534314{background-image: url(https:\/\/careers.secretescapes.group\/wp-content\/uploads\/2025\/07\/office.webp?id=436) !important;}&#8221; el_class=&#8221;img-div&#8221;][\/vc_column][vc_column width=&#8221;1\/2&#8243;][vc_column_text css=&#8221;&#8221;] Nasze biuro Nasze biuro jest dynamicznym centrum innowacji i wsp\u00f3\u0142pracy, zaprojektowanym tak, aby zjednoczy\u0107 nasz zesp\u00f3\u0142 i odzwierciedli\u0107 nasz\u0105 otwart\u0105, elastyczn\u0105 kultur\u0119. Focus Building, Aleja Armii Ludowej 26, 00-609 Warszawa, Polska [&hellip;]\" \/>\n<meta property=\"og:url\" content=\"https:\/\/careers.secretescapes.group\/pl\/skontaktuj-sie-z-nami\/\" \/>\n<meta property=\"og:site_name\" content=\"Secret Escapes Careers\" \/>\n<meta property=\"article:modified_time\" content=\"2025-10-30T12:55:19+00:00\" \/>\n<meta name=\"twitter:card\" content=\"summary_large_image\" \/>\n<meta name=\"twitter:label1\" content=\"Est. reading time\" \/>\n\t<meta name=\"twitter:data1\" content=\"2 minutes\" \/>\n<script type=\"application\/ld+json\" class=\"yoast-schema-graph\">{\"@context\":\"https:\/\/schema.org\",\"@graph\":[{\"@type\":\"WebPage\",\"@id\":\"https:\/\/careers.secretescapes.group\/pl\/skontaktuj-sie-z-nami\/\",\"url\":\"https:\/\/careers.secretescapes.group\/pl\/skontaktuj-sie-z-nami\/\",\"name\":\"Kontakt - Secret Escapes Careers\",\"isPartOf\":{\"@id\":\"https:\/\/careers.secretescapes.group\/pl\/#website\"},\"datePublished\":\"2025-07-01T13:09:20+00:00\",\"dateModified\":\"2025-10-30T12:55:19+00:00\",\"breadcrumb\":{\"@id\":\"https:\/\/careers.secretescapes.group\/pl\/skontaktuj-sie-z-nami\/#breadcrumb\"},\"inLanguage\":\"pl-PL\",\"potentialAction\":[{\"@type\":\"ReadAction\",\"target\":[\"https:\/\/careers.secretescapes.group\/pl\/skontaktuj-sie-z-nami\/\"]}]},{\"@type\":\"BreadcrumbList\",\"@id\":\"https:\/\/careers.secretescapes.group\/pl\/skontaktuj-sie-z-nami\/#breadcrumb\",\"itemListElement\":[{\"@type\":\"ListItem\",\"position\":1,\"name\":\"Home\",\"item\":\"https:\/\/careers.secretescapes.group\/pl\/\"},{\"@type\":\"ListItem\",\"position\":2,\"name\":\"Kontakt\"}]},{\"@type\":\"WebSite\",\"@id\":\"https:\/\/careers.secretescapes.group\/pl\/#website\",\"url\":\"https:\/\/careers.secretescapes.group\/pl\/\",\"name\":\"Secret Escapes Careers\",\"description\":\"Join Secret Escapes Group\u2019s international team and craft unforgettable travel experiences with flexible working, European offices and exclusive perks.\",\"potentialAction\":[{\"@type\":\"SearchAction\",\"target\":{\"@type\":\"EntryPoint\",\"urlTemplate\":\"https:\/\/careers.secretescapes.group\/pl\/?s={search_term_string}\"},\"query-input\":{\"@type\":\"PropertyValueSpecification\",\"valueRequired\":true,\"valueName\":\"search_term_string\"}}],\"inLanguage\":\"pl-PL\"}]}<\/script>\n<!-- \/ Yoast SEO Premium plugin. -->","yoast_head_json":{"title":"Kontakt - Secret Escapes Careers","robots":{"index":"index","follow":"follow","max-snippet":"max-snippet:-1","max-image-preview":"max-image-preview:large","max-video-preview":"max-video-preview:-1"},"canonical":"https:\/\/careers.secretescapes.group\/pl\/skontaktuj-sie-z-nami\/","og_locale":"pl_PL","og_type":"article","og_title":"Kontakt","og_description":"[vc_row css=&#8221;.vc_custom_1752497502070{background-image: url(https:\/\/careers.secretescapes.group\/wp-content\/uploads\/2025\/07\/contact-us-banner-1.webp?id=481) !important;}&#8221; el_id=&#8221;banner&#8221; el_class=&#8221;banner short-banner&#8221;][vc_column el_class=&#8221;banner-col&#8221;][vc_column_text css=&#8221;&#8221; el_class=&#8221;text-center banner-content&#8221;] Kontakt [\/vc_column_text][\/vc_column][\/vc_row][vc_row el_class=&#8221;dark-bg what-we-do flex-row&#8221; el_id=&#8221;page-top&#8221;][vc_column width=&#8221;1\/2&#8243; css=&#8221;.vc_custom_1752483534314{background-image: url(https:\/\/careers.secretescapes.group\/wp-content\/uploads\/2025\/07\/office.webp?id=436) !important;}&#8221; el_class=&#8221;img-div&#8221;][\/vc_column][vc_column width=&#8221;1\/2&#8243;][vc_column_text css=&#8221;&#8221;] Nasze biuro Nasze biuro jest dynamicznym centrum innowacji i wsp\u00f3\u0142pracy, zaprojektowanym tak, aby zjednoczy\u0107 nasz zesp\u00f3\u0142 i odzwierciedli\u0107 nasz\u0105 otwart\u0105, elastyczn\u0105 kultur\u0119. Focus Building, Aleja Armii Ludowej 26, 00-609 Warszawa, Polska [&hellip;]","og_url":"https:\/\/careers.secretescapes.group\/pl\/skontaktuj-sie-z-nami\/","og_site_name":"Secret Escapes Careers","article_modified_time":"2025-10-30T12:55:19+00:00","twitter_card":"summary_large_image","twitter_misc":{"Est. reading time":"2 minutes"},"schema":{"@context":"https:\/\/schema.org","@graph":[{"@type":"WebPage","@id":"https:\/\/careers.secretescapes.group\/pl\/skontaktuj-sie-z-nami\/","url":"https:\/\/careers.secretescapes.group\/pl\/skontaktuj-sie-z-nami\/","name":"Kontakt - Secret Escapes Careers","isPartOf":{"@id":"https:\/\/careers.secretescapes.group\/pl\/#website"},"datePublished":"2025-07-01T13:09:20+00:00","dateModified":"2025-10-30T12:55:19+00:00","breadcrumb":{"@id":"https:\/\/careers.secretescapes.group\/pl\/skontaktuj-sie-z-nami\/#breadcrumb"},"inLanguage":"pl-PL","potentialAction":[{"@type":"ReadAction","target":["https:\/\/careers.secretescapes.group\/pl\/skontaktuj-sie-z-nami\/"]}]},{"@type":"BreadcrumbList","@id":"https:\/\/careers.secretescapes.group\/pl\/skontaktuj-sie-z-nami\/#breadcrumb","itemListElement":[{"@type":"ListItem","position":1,"name":"Home","item":"https:\/\/careers.secretescapes.group\/pl\/"},{"@type":"ListItem","position":2,"name":"Kontakt"}]},{"@type":"WebSite","@id":"https:\/\/careers.secretescapes.group\/pl\/#website","url":"https:\/\/careers.secretescapes.group\/pl\/","name":"Secret Escapes Careers","description":"Join Secret Escapes Group\u2019s international team and craft unforgettable travel experiences with flexible working, European offices and exclusive perks.","potentialAction":[{"@type":"SearchAction","target":{"@type":"EntryPoint","urlTemplate":"https:\/\/careers.secretescapes.group\/pl\/?s={search_term_string}"},"query-input":{"@type":"PropertyValueSpecification","valueRequired":true,"valueName":"search_term_string"}}],"inLanguage":"pl-PL"}]}},"_links":{"self":[{"href":"https:\/\/careers.secretescapes.group\/pl\/wp-json\/wp\/v2\/pages\/686","targetHints":{"allow":["GET"]}}],"collection":[{"href":"https:\/\/careers.secretescapes.group\/pl\/wp-json\/wp\/v2\/pages"}],"about":[{"href":"https:\/\/careers.secretescapes.group\/pl\/wp-json\/wp\/v2\/types\/page"}],"author":[{"embeddable":true,"href":"https:\/\/careers.secretescapes.group\/pl\/wp-json\/wp\/v2\/users\/4"}],"replies":[{"embeddable":true,"href":"https:\/\/careers.secretescapes.group\/pl\/wp-json\/wp\/v2\/comments?post=686"}],"version-history":[{"count":15,"href":"https:\/\/careers.secretescapes.group\/pl\/wp-json\/wp\/v2\/pages\/686\/revisions"}],"predecessor-version":[{"id":1302,"href":"https:\/\/careers.secretescapes.group\/pl\/wp-json\/wp\/v2\/pages\/686\/revisions\/1302"}],"wp:attachment":[{"href":"https:\/\/careers.secretescapes.group\/pl\/wp-json\/wp\/v2\/media?parent=686"}],"curies":[{"name":"wp","href":"https:\/\/api.w.org\/{rel}","templated":true}]}}