{"id":696,"date":"2025-07-01T14:08:35","date_gmt":"2025-07-01T13:08:35","guid":{"rendered":"https:\/\/careers.secretescapes.group\/dolacz-do-nas-2\/"},"modified":"2025-09-23T13:53:36","modified_gmt":"2025-09-23T12:53:36","slug":"dolacz-do-nas","status":"publish","type":"page","link":"https:\/\/careers.secretescapes.group\/pl\/dolacz-do-nas\/","title":{"rendered":"Do\u0142\u0105cz do nas"},"content":{"rendered":"<div class=\"wpb-content-wrapper\"><p>[vc_row css=&#8221;.vc_custom_1753961475402{background-image: url(https:\/\/careers.secretescapes.group\/wp-content\/uploads\/2025\/07\/join-us-bg-1.webp?id=478) !important;}&#8221; el_id=&#8221;banner&#8221; el_class=&#8221;banner careers-banner&#8221;]<\/p>\n<p>[vc_column width=&#8221;1\/3&#8243;]<\/p>\n<p>[vc_column_text css=&#8221;&#8221; el_class=&#8221;banner-content&#8221;]<\/p>\n<h1>Twoja podr\u00f3\u017c do Travelist.pl zaczyna si\u0119 tutaj!<\/h1>\n<p>Szukasz kolejnej przygody zawodowej? Uda\u0142o Ci si\u0119 trafi\u0107 we w\u0142a\u015bciwe miejsce! W Travelist.pl \u0142\u0105czymy ludzi, kt\u00f3rzy pasjonuj\u0105 si\u0119 podr\u00f3\u017cami, innowacjami i tworzeniem niezapomnianych wra\u017ce\u0144 dla naszych u\u017cytkownik\u00f3w. Do\u0142\u0105cz do nas i zosta\u0144 cz\u0119\u015bci\u0105 dynamicznego, nieustannie rozwijaj\u0105cego si\u0119 zespo\u0142u kszta\u0142tuj\u0105cego przysz\u0142o\u015b\u0107 podr\u00f3\u017cy online.<br \/>\nChcesz rozpocz\u0105\u0107 swoj\u0105 przygod\u0119 z Travelist.pl? Zg\u0142o\u015b si\u0119 ju\u017c teraz i stw\u00f3rzmy razem niezapomniane do\u015bwiadczenia podr\u00f3\u017cnicze!<br \/>\n[\/vc_column_text][\/vc_column]<\/p>\n<p>[vc_row][vc_column width=&#8221;2\/3&#8243;][vc_column_text css=&#8221;&#8221;]\n    <div class=\"journey-container row\">\n        \n            <div class=\"single-journey col-md-6\">\n                <div class=\"img-col\" style=\"background-image: url(https:\/\/careers.secretescapes.group\/wp-content\/uploads\/2025\/07\/\ud83c\udf0d.png)\">\n\n                <\/div>\n                <div class=\"text-col\">\n                    <h4>Wybierz kierunek<\/h4>\n                    <p>Przegl\u0105daj nasze aktualne oferty i znajd\u017a idealn\u0105 okazj\u0119 do rozwoju z nami.<\/p>\n                <\/div>\n\n            <\/div>\n        \n            <div class=\"single-journey col-md-6\">\n                <div class=\"img-col\" style=\"background-image: url(https:\/\/careers.secretescapes.group\/wp-content\/uploads\/2025\/07\/\ud83d\udee4.png)\">\n\n                <\/div>\n                <div class=\"text-col\">\n                    <h4>Zaplanuj tras\u0119<\/h4>\n                    <p>Prze\u015blij swoje CV i daj nam zna\u0107, dlaczego b\u0119dziesz \u015bwietnym uzupe\u0142nieniem zespo\u0142u Travelist.pl.<\/p>\n                <\/div>\n\n            <\/div>\n        \n            <div class=\"single-journey col-md-6\">\n                <div class=\"img-col\" style=\"background-image: url(https:\/\/careers.secretescapes.group\/wp-content\/uploads\/2025\/07\/\ud83d\udeeb.png)\">\n\n                <\/div>\n                <div class=\"text-col\">\n                    <h4>Start<\/h4>\n                    <p>Porozmawiaj z naszym zespo\u0142em Talent, aby om\u00f3wi\u0107 swoje do\u015bwiadczenie, cele i dopasowanie do naszej kultury.<\/p>\n                <\/div>\n\n            <\/div>\n        \n            <div class=\"single-journey col-md-6\">\n                <div class=\"img-col\" style=\"background-image: url(https:\/\/careers.secretescapes.group\/wp-content\/uploads\/2025\/07\/\ud83d\uddfa.png)\">\n\n                <\/div>\n                <div class=\"text-col\">\n                    <h4>Poka\u017c, co potrafisz<\/h4>\n                    <p>Wykonaj zadanie lub we\u017a udzia\u0142 w rozmowie kwalifikacyjnej, aby pokaza\u0107, co wniesiesz do zespo\u0142u.<\/p>\n                <\/div>\n\n            <\/div>\n        \n            <div class=\"single-journey col-md-6\">\n                <div class=\"img-col\" style=\"background-image: url(https:\/\/careers.secretescapes.group\/wp-content\/uploads\/2025\/07\/\ud83c\udfc1.png)\">\n\n                <\/div>\n                <div class=\"text-col\">\n                    <h4>Boarding<\/h4>\n                    <p>Poznaj kluczowych cz\u0142onk\u00f3w zespo\u0142u i dowiedz si\u0119, jak mog\u0142aby wygl\u0105da\u0107 Twoja rola w Travelist.pl.<\/p>\n                <\/div>\n\n            <\/div>\n        \n            <div class=\"single-journey col-md-6\">\n                <div class=\"img-col\" style=\"background-image: url(https:\/\/careers.secretescapes.group\/wp-content\/uploads\/2025\/07\/\ud83c\udf89.png)\">\n\n                <\/div>\n                <div class=\"text-col\">\n                    <h4>Witamy na pok\u0142adzie<\/h4>\n                    <p>Je\u015bli pasujemy do siebie, otrzymasz od nas ofert\u0119 i wsp\u00f3lnie wyruszymy w ekscytuj\u0105c\u0105 podr\u00f3\u017c!<\/p>\n                <\/div>\n\n            <\/div>\n            <\/div>\n[\/vc_column_text][\/vc_column][\/vc_row][vc_row][vc_column][vc_column_text css=&#8221;&#8221; el_class=&#8221;jobs-row&#8221;]<div class=\"row job-listings\">\n\n\t<div class=\"col-lg-3 search stickit\">\n\t\t<form data-sf-form-id='1262' data-is-rtl='0' data-maintain-state='' data-results-url='https:\/\/careers.secretescapes.group\/pl\/dolacz-do-nas\/' data-ajax-url='https:\/\/careers.secretescapes.group\/pl\/?sfid=1262&amp;sf_action=get_data&amp;sf_data=all' data-ajax-form-url='https:\/\/careers.secretescapes.group\/pl\/?sfid=1262&amp;sf_action=get_data&amp;sf_data=form' data-display-result-method='shortcode' data-use-history-api='1' data-template-loaded='0' data-lang-code='pl' data-ajax='1' data-ajax-data-type='json' data-ajax-links-selector='.pagination a' data-ajax-target='#search-filter-results-1262' data-ajax-pagination-type='normal' data-update-ajax-url='1' data-only-results-ajax='1' data-scroll-to-pos='custom' data-custom-scroll-to='.job-listings' data-scroll-on-action='all' data-init-paged='1' data-auto-update='1' data-auto-count='1' data-auto-count-refresh-mode='1' action='https:\/\/careers.secretescapes.group\/pl\/dolacz-do-nas\/' method='post' class='searchandfilter' id='search-filter-form-1262' autocomplete='off' data-instance-count='1'><ul><li class=\"sf-field-search\" data-sf-field-name=\"search\" data-sf-field-type=\"search\" data-sf-field-input-type=\"\">\t\t<label>\n\t\t\t\t   <input placeholder=\"Wprowad\u017a s\u0142owo kluczowe\" name=\"_sf_search[]\" class=\"sf-input-text\" type=\"text\" value=\"\" title=\"\"><\/label>\t\t<\/li><li class=\"sf-field-taxonomy-job_department\" data-sf-field-name=\"_sft_job_department\" data-sf-field-type=\"taxonomy\" data-sf-field-input-type=\"checkbox\"><h4>Filtruj wed\u0142ug dzia\u0142u<\/h4>\t\t<ul data-operator=\"and\" class=\"\">\n\t\t\t\t\t  <li class=\"sf-level-0 sf-item-67\" data-sf-count=\"1\" data-sf-depth=\"0\"><input  class=\"sf-input-checkbox\" type=\"checkbox\" value=\"crm\" name=\"_sft_job_department[]\" id=\"sf-input-67a9fbf8ac6a096be492811a10691702\"><label class=\"sf-label-checkbox\" for=\"sf-input-67a9fbf8ac6a096be492811a10691702\">CRM<span class=\"sf-count\">(1)<\/span><\/label><\/li><li class=\"sf-level-0 sf-item-69\" data-sf-count=\"2\" data-sf-depth=\"0\"><input  class=\"sf-input-checkbox\" type=\"checkbox\" value=\"people\" name=\"_sft_job_department[]\" id=\"sf-input-740c3b142cabf23245e5e5a2dd9baf00\"><label class=\"sf-label-checkbox\" for=\"sf-input-740c3b142cabf23245e5e5a2dd9baf00\">People<span class=\"sf-count\">(2)<\/span><\/label><\/li>\t\t<\/ul>\n\t\t<\/li><li class=\"sf-field-taxonomy-job_location\" data-sf-field-name=\"_sft_job_location\" data-sf-field-type=\"taxonomy\" data-sf-field-input-type=\"checkbox\"><h4>Filtruj wed\u0142ug lokalizacji<\/h4>\t\t<ul data-operator=\"and\" class=\"\">\n\t\t\t\t\t  <li class=\"sf-level-0 sf-item-51\" data-sf-count=\"3\" data-sf-depth=\"0\"><input  class=\"sf-input-checkbox\" type=\"checkbox\" value=\"poland\" name=\"_sft_job_location[]\" id=\"sf-input-df886863864f21d97c9064672af57fc1\"><label class=\"sf-label-checkbox\" for=\"sf-input-df886863864f21d97c9064672af57fc1\">Poland<span class=\"sf-count\">(3)<\/span><\/label><\/li>\t\t<\/ul>\n\t\t<\/li><li class=\"sf-field-submit\" data-sf-field-name=\"submit\" data-sf-field-type=\"submit\" data-sf-field-input-type=\"\"><input type=\"submit\" name=\"_sf_submit\" value=\"Prze\u015blij\"><\/li><\/ul><\/form>\t<\/div>\n\n\t<div class=\"col-lg-9 results\">\n\t\t<div class=\"search-filter-results\" id=\"search-filter-results-1262\">\t\t<div class=\"job\">\n\t\t\t<h4><a href=\"https:\/\/careers.secretescapes.group\/pl\/job\/office-management-specialist-m-f-2\/\"> Office Management Specialist (m\/f)<\/a><\/h4>\n\t\t\t<p><strong>Department:<\/strong> People<\/p>\t\t\t<div class=\"bot\">\n\t\t\t\t<p><i class=\"fi fi-rr-marker\"><\/i> Poland<\/p>\t\t\t\t<a href=\"https:\/\/careers.secretescapes.group\/pl\/job\/office-management-specialist-m-f-2\/\" class=\"button\">View job<\/a>\n\t\t\t<\/div>\n\t\t<\/div>\n\t\t\t\t<div class=\"job\">\n\t\t\t<h4><a href=\"https:\/\/careers.secretescapes.group\/pl\/job\/poland-people-services-team-lead-2\/\"> Poland People Services Team Lead<\/a><\/h4>\n\t\t\t<p><strong>Department:<\/strong> People<\/p>\t\t\t<div class=\"bot\">\n\t\t\t\t<p><i class=\"fi fi-rr-marker\"><\/i> Poland<\/p>\t\t\t\t<a href=\"https:\/\/careers.secretescapes.group\/pl\/job\/poland-people-services-team-lead-2\/\" class=\"button\">View job<\/a>\n\t\t\t<\/div>\n\t\t<\/div>\n\t\t\t\t<div class=\"job\">\n\t\t\t<h4><a href=\"https:\/\/careers.secretescapes.group\/pl\/job\/crm-specialist-2\/\"> CRM Specialist<\/a><\/h4>\n\t\t\t<p><strong>Department:<\/strong> CRM<\/p>\t\t\t<div class=\"bot\">\n\t\t\t\t<p><i class=\"fi fi-rr-marker\"><\/i> Poland<\/p>\t\t\t\t<a href=\"https:\/\/careers.secretescapes.group\/pl\/job\/crm-specialist-2\/\" class=\"button\">View job<\/a>\n\t\t\t<\/div>\n\t\t<\/div>\n\t\t<\/div>\t<\/div>\n\n<\/div>\n[\/vc_column_text][\/vc_column][\/vc_row]<\/p>\n<\/div>","protected":false},"excerpt":{"rendered":"<p>[vc_row css=&#8221;.vc_custom_1753961475402{background-image: url(https:\/\/careers.secretescapes.group\/wp-content\/uploads\/2025\/07\/join-us-bg-1.webp?id=478) !important;}&#8221; el_id=&#8221;banner&#8221; el_class=&#8221;banner careers-banner&#8221;] [vc_column width=&#8221;1\/3&#8243;] [vc_column_text css=&#8221;&#8221; el_class=&#8221;banner-content&#8221;] Twoja podr\u00f3\u017c do Travelist.pl zaczyna si\u0119 tutaj! Szukasz kolejnej przygody zawodowej? Uda\u0142o Ci si\u0119 trafi\u0107 we w\u0142a\u015bciwe miejsce! W Travelist.pl \u0142\u0105czymy ludzi, kt\u00f3rzy pasjonuj\u0105 si\u0119 podr\u00f3\u017cami, innowacjami i tworzeniem niezapomnianych wra\u017ce\u0144 dla naszych u\u017cytkownik\u00f3w. Do\u0142\u0105cz do nas i zosta\u0144 cz\u0119\u015bci\u0105 dynamicznego, nieustannie rozwijaj\u0105cego [&hellip;]<\/p>\n","protected":false},"author":4,"featured_media":0,"parent":0,"menu_order":0,"comment_status":"closed","ping_status":"closed","template":"","meta":{"_acf_changed":false,"footnotes":""},"class_list":["post-696","page","type-page","status-publish","hentry"],"acf":[],"yoast_head":"<!-- This site is optimized with the Yoast SEO Premium plugin v26.4 (Yoast SEO v26.7) - https:\/\/yoast.com\/wordpress\/plugins\/seo\/ -->\n<title>Do\u0142\u0105cz do nas - Secret Escapes Careers<\/title>\n<meta name=\"robots\" content=\"index, follow, max-snippet:-1, max-image-preview:large, max-video-preview:-1\" \/>\n<link rel=\"canonical\" href=\"https:\/\/careers.secretescapes.group\/pl\/dolacz-do-nas\/\" \/>\n<meta property=\"og:locale\" content=\"pl_PL\" \/>\n<meta property=\"og:type\" content=\"article\" \/>\n<meta property=\"og:title\" content=\"Do\u0142\u0105cz do nas\" \/>\n<meta property=\"og:description\" content=\"[vc_row css=&#8221;.vc_custom_1753961475402{background-image: url(https:\/\/careers.secretescapes.group\/wp-content\/uploads\/2025\/07\/join-us-bg-1.webp?id=478) !important;}&#8221; el_id=&#8221;banner&#8221; el_class=&#8221;banner careers-banner&#8221;] [vc_column width=&#8221;1\/3&#8243;] [vc_column_text css=&#8221;&#8221; el_class=&#8221;banner-content&#8221;] Twoja podr\u00f3\u017c do Travelist.pl zaczyna si\u0119 tutaj! Szukasz kolejnej przygody zawodowej? Uda\u0142o Ci si\u0119 trafi\u0107 we w\u0142a\u015bciwe miejsce! W Travelist.pl \u0142\u0105czymy ludzi, kt\u00f3rzy pasjonuj\u0105 si\u0119 podr\u00f3\u017cami, innowacjami i tworzeniem niezapomnianych wra\u017ce\u0144 dla naszych u\u017cytkownik\u00f3w. Do\u0142\u0105cz do nas i zosta\u0144 cz\u0119\u015bci\u0105 dynamicznego, nieustannie rozwijaj\u0105cego [&hellip;]\" \/>\n<meta property=\"og:url\" content=\"https:\/\/careers.secretescapes.group\/pl\/dolacz-do-nas\/\" \/>\n<meta property=\"og:site_name\" content=\"Secret Escapes Careers\" \/>\n<meta property=\"article:modified_time\" content=\"2025-09-23T12:53:36+00:00\" \/>\n<meta name=\"twitter:card\" content=\"summary_large_image\" \/>\n<meta name=\"twitter:label1\" content=\"Est. reading time\" \/>\n\t<meta name=\"twitter:data1\" content=\"1 minute\" \/>\n<script type=\"application\/ld+json\" class=\"yoast-schema-graph\">{\"@context\":\"https:\/\/schema.org\",\"@graph\":[{\"@type\":\"WebPage\",\"@id\":\"https:\/\/careers.secretescapes.group\/pl\/dolacz-do-nas\/\",\"url\":\"https:\/\/careers.secretescapes.group\/pl\/dolacz-do-nas\/\",\"name\":\"Do\u0142\u0105cz do nas - Secret Escapes Careers\",\"isPartOf\":{\"@id\":\"https:\/\/careers.secretescapes.group\/pl\/#website\"},\"datePublished\":\"2025-07-01T13:08:35+00:00\",\"dateModified\":\"2025-09-23T12:53:36+00:00\",\"breadcrumb\":{\"@id\":\"https:\/\/careers.secretescapes.group\/pl\/dolacz-do-nas\/#breadcrumb\"},\"inLanguage\":\"pl-PL\",\"potentialAction\":[{\"@type\":\"ReadAction\",\"target\":[\"https:\/\/careers.secretescapes.group\/pl\/dolacz-do-nas\/\"]}]},{\"@type\":\"BreadcrumbList\",\"@id\":\"https:\/\/careers.secretescapes.group\/pl\/dolacz-do-nas\/#breadcrumb\",\"itemListElement\":[{\"@type\":\"ListItem\",\"position\":1,\"name\":\"Home\",\"item\":\"https:\/\/careers.secretescapes.group\/pl\/\"},{\"@type\":\"ListItem\",\"position\":2,\"name\":\"Do\u0142\u0105cz do nas\"}]},{\"@type\":\"WebSite\",\"@id\":\"https:\/\/careers.secretescapes.group\/pl\/#website\",\"url\":\"https:\/\/careers.secretescapes.group\/pl\/\",\"name\":\"Secret Escapes Careers\",\"description\":\"Join Secret Escapes Group\u2019s international team and craft unforgettable travel experiences with flexible working, European offices and exclusive perks.\",\"potentialAction\":[{\"@type\":\"SearchAction\",\"target\":{\"@type\":\"EntryPoint\",\"urlTemplate\":\"https:\/\/careers.secretescapes.group\/pl\/?s={search_term_string}\"},\"query-input\":{\"@type\":\"PropertyValueSpecification\",\"valueRequired\":true,\"valueName\":\"search_term_string\"}}],\"inLanguage\":\"pl-PL\"}]}<\/script>\n<!-- \/ Yoast SEO Premium plugin. -->","yoast_head_json":{"title":"Do\u0142\u0105cz do nas - Secret Escapes Careers","robots":{"index":"index","follow":"follow","max-snippet":"max-snippet:-1","max-image-preview":"max-image-preview:large","max-video-preview":"max-video-preview:-1"},"canonical":"https:\/\/careers.secretescapes.group\/pl\/dolacz-do-nas\/","og_locale":"pl_PL","og_type":"article","og_title":"Do\u0142\u0105cz do nas","og_description":"[vc_row css=&#8221;.vc_custom_1753961475402{background-image: url(https:\/\/careers.secretescapes.group\/wp-content\/uploads\/2025\/07\/join-us-bg-1.webp?id=478) !important;}&#8221; el_id=&#8221;banner&#8221; el_class=&#8221;banner careers-banner&#8221;] [vc_column width=&#8221;1\/3&#8243;] [vc_column_text css=&#8221;&#8221; el_class=&#8221;banner-content&#8221;] Twoja podr\u00f3\u017c do Travelist.pl zaczyna si\u0119 tutaj! Szukasz kolejnej przygody zawodowej? Uda\u0142o Ci si\u0119 trafi\u0107 we w\u0142a\u015bciwe miejsce! W Travelist.pl \u0142\u0105czymy ludzi, kt\u00f3rzy pasjonuj\u0105 si\u0119 podr\u00f3\u017cami, innowacjami i tworzeniem niezapomnianych wra\u017ce\u0144 dla naszych u\u017cytkownik\u00f3w. Do\u0142\u0105cz do nas i zosta\u0144 cz\u0119\u015bci\u0105 dynamicznego, nieustannie rozwijaj\u0105cego [&hellip;]","og_url":"https:\/\/careers.secretescapes.group\/pl\/dolacz-do-nas\/","og_site_name":"Secret Escapes Careers","article_modified_time":"2025-09-23T12:53:36+00:00","twitter_card":"summary_large_image","twitter_misc":{"Est. reading time":"1 minute"},"schema":{"@context":"https:\/\/schema.org","@graph":[{"@type":"WebPage","@id":"https:\/\/careers.secretescapes.group\/pl\/dolacz-do-nas\/","url":"https:\/\/careers.secretescapes.group\/pl\/dolacz-do-nas\/","name":"Do\u0142\u0105cz do nas - Secret Escapes Careers","isPartOf":{"@id":"https:\/\/careers.secretescapes.group\/pl\/#website"},"datePublished":"2025-07-01T13:08:35+00:00","dateModified":"2025-09-23T12:53:36+00:00","breadcrumb":{"@id":"https:\/\/careers.secretescapes.group\/pl\/dolacz-do-nas\/#breadcrumb"},"inLanguage":"pl-PL","potentialAction":[{"@type":"ReadAction","target":["https:\/\/careers.secretescapes.group\/pl\/dolacz-do-nas\/"]}]},{"@type":"BreadcrumbList","@id":"https:\/\/careers.secretescapes.group\/pl\/dolacz-do-nas\/#breadcrumb","itemListElement":[{"@type":"ListItem","position":1,"name":"Home","item":"https:\/\/careers.secretescapes.group\/pl\/"},{"@type":"ListItem","position":2,"name":"Do\u0142\u0105cz do nas"}]},{"@type":"WebSite","@id":"https:\/\/careers.secretescapes.group\/pl\/#website","url":"https:\/\/careers.secretescapes.group\/pl\/","name":"Secret Escapes Careers","description":"Join Secret Escapes Group\u2019s international team and craft unforgettable travel experiences with flexible working, European offices and exclusive perks.","potentialAction":[{"@type":"SearchAction","target":{"@type":"EntryPoint","urlTemplate":"https:\/\/careers.secretescapes.group\/pl\/?s={search_term_string}"},"query-input":{"@type":"PropertyValueSpecification","valueRequired":true,"valueName":"search_term_string"}}],"inLanguage":"pl-PL"}]}},"_links":{"self":[{"href":"https:\/\/careers.secretescapes.group\/pl\/wp-json\/wp\/v2\/pages\/696","targetHints":{"allow":["GET"]}}],"collection":[{"href":"https:\/\/careers.secretescapes.group\/pl\/wp-json\/wp\/v2\/pages"}],"about":[{"href":"https:\/\/careers.secretescapes.group\/pl\/wp-json\/wp\/v2\/types\/page"}],"author":[{"embeddable":true,"href":"https:\/\/careers.secretescapes.group\/pl\/wp-json\/wp\/v2\/users\/4"}],"replies":[{"embeddable":true,"href":"https:\/\/careers.secretescapes.group\/pl\/wp-json\/wp\/v2\/comments?post=696"}],"version-history":[{"count":6,"href":"https:\/\/careers.secretescapes.group\/pl\/wp-json\/wp\/v2\/pages\/696\/revisions"}],"predecessor-version":[{"id":1114,"href":"https:\/\/careers.secretescapes.group\/pl\/wp-json\/wp\/v2\/pages\/696\/revisions\/1114"}],"wp:attachment":[{"href":"https:\/\/careers.secretescapes.group\/pl\/wp-json\/wp\/v2\/media?parent=696"}],"curies":[{"name":"wp","href":"https:\/\/api.w.org\/{rel}","templated":true}]}}